{"id":2605,"date":"2023-03-03T15:41:22","date_gmt":"2023-03-03T15:41:22","guid":{"rendered":"https:\/\/wildlife-interactions.com\/?post_type=product&#038;p=2605"},"modified":"2023-04-20T19:20:53","modified_gmt":"2023-04-20T19:20:53","slug":"arktic-circle-edition-collector-coffret-3-tirages-fine-art","status":"publish","type":"product","link":"https:\/\/wildlife-interactions.com\/en\/product\/arktic-circle-edition-collector-coffret-3-tirages-fine-art","title":{"rendered":"ARKTIC CIRCLE &#8211; COFFRET NUMEROTE+ 3 TIRAGES FINE ART"},"content":{"rendered":"<h5><strong>Arktic Circle, livre Photo engag\u00e9 pour la d\u00e9fense des p\u00f4les<\/strong><\/h5>\n<p><span style=\"font-family: -apple-system, BlinkMacSystemFont, 'Segoe UI', Roboto, Oxygen-Sans, Ubuntu, Cantarell, 'Helvetica Neue', sans-serif; font-size: 16px;\"><strong>ARICTIC CIRCLE<\/strong> est un beau livre Photo de 176 pages, dos cartonn\u00e9, imprim\u00e9 sur papier satin\u00e9 170 g\/m2 de 1,7 kilos. Son format 30 x 28 cm est con\u00e7u pour permettre une lecture \u00e0 plusieurs niveaux. <\/span><span style=\"font-family: -apple-system, BlinkMacSystemFont, 'Segoe UI', Roboto, Oxygen-Sans, Ubuntu, Cantarell, 'Helvetica Neue', sans-serif; font-size: 16px;\">On peut le parcourir pour les photos in\u00e9dites d&rsquo;Olivier Anrigo. Avec son glossaire visuel dans les 6 derri\u00e8res page, il vous fera voyager en arctique \u00e0 travers 3 chapitres : Glace \/ Nature \/ Aventure. Les textes courts en anglais \/ fran\u00e7ais, co\u00e9crits par <strong>Deborah Pardo<\/strong> (\u00e9cologue) et <strong>L\u00e9o Decaux<\/strong> (glaciologue) se concentrent sur quelques faits m\u00e9morisables ou po\u00e9tiques. Vous y trouverez aussi une pr\u00e9face de <strong>Jason Roberts<\/strong> (expert polaire et cin\u00e9aste), des textes d&rsquo;Olivier, le point de vue de Victorien Erussard (Skipper et fondateur d&rsquo;Energy Observer) et un texte d&rsquo;Olivier Wenden.<\/span><\/p>\n<p>Propos\u00e9 au prix de <strong>49\u20ac TTC<\/strong>, sur chaque exemplaire <strong>2\u20ac sont revers\u00e9s<\/strong> \u00e0 la <strong>Fondation Prince Albert II de Monaco<\/strong>, pour la mise en place d&rsquo;actions concr\u00e8tes de protection des p\u00f4les.<\/p>","protected":false},"excerpt":{"rendered":"<h5><strong>Arktic Circle, livre Photo engag\u00e9 pour la d\u00e9fense des p\u00f4les<\/strong><\/h5>\n<p><span style=\"font-family: -apple-system, BlinkMacSystemFont, 'Segoe UI', Roboto, Oxygen-Sans, Ubuntu, Cantarell, 'Helvetica Neue', sans-serif; font-size: 16px;\"><strong>ARICTIC CIRCLE<\/strong> est un beau livre Photo de 176 pages, dos cartonn\u00e9, imprim\u00e9 sur papier satin\u00e9 170 g\/m2 de 1,7 kilos. Son format 30 x 28 cm est con\u00e7u pour permettre une lecture \u00e0 plusieurs niveaux.<\/span><\/p>\n<p>Propos\u00e9 au prix de <strong>49\u20ac TTC<\/strong>, sur chaque exemplaire <strong>2\u20ac sont revers\u00e9s<\/strong> \u00e0 la <strong>Fondation Prince Albert II de Monaco<\/strong>, pour la mise en place d&rsquo;actions concr\u00e8tes de protection des p\u00f4les.<\/p>","protected":false},"featured_media":2606,"comment_status":"closed","ping_status":"closed","template":"","meta":{"_eb_attr":"","_uag_custom_page_level_css":"","editor_plus_copied_stylings":"{}","site-sidebar-layout":"default","site-content-layout":"default","ast-site-content-layout":"default","site-content-style":"default","site-sidebar-style":"default","ast-global-header-display":"","ast-banner-title-visibility":"","ast-main-header-display":"","ast-hfb-above-header-display":"","ast-hfb-below-header-display":"","ast-hfb-mobile-header-display":"","site-post-title":"","ast-breadcrumbs-content":"","ast-featured-img":"","footer-sml-layout":"","ast-disable-related-posts":"","theme-transparent-header-meta":"default","adv-header-id-meta":"","stick-header-meta":"","header-above-stick-meta":"","header-main-stick-meta":"","header-below-stick-meta":"","astra-migrate-meta-layouts":"default","ast-page-background-enabled":"default","ast-page-background-meta":{"desktop":{"background-color":"var(--ast-global-color-4)","background-image":"","background-repeat":"repeat","background-position":"center center","background-size":"auto","background-attachment":"scroll","background-type":"","background-media":"","overlay-type":"","overlay-color":"","overlay-opacity":"","overlay-gradient":""},"tablet":{"background-color":"","background-image":"","background-repeat":"repeat","background-position":"center center","background-size":"auto","background-attachment":"scroll","background-type":"","background-media":"","overlay-type":"","overlay-color":"","overlay-opacity":"","overlay-gradient":""},"mobile":{"background-color":"","background-image":"","background-repeat":"repeat","background-position":"center center","background-size":"auto","background-attachment":"scroll","background-type":"","background-media":"","overlay-type":"","overlay-color":"","overlay-opacity":"","overlay-gradient":""}},"ast-content-background-meta":{"desktop":{"background-color":"var(--ast-global-color-5)","background-image":"","background-repeat":"repeat","background-position":"center center","background-size":"auto","background-attachment":"scroll","background-type":"","background-media":"","overlay-type":"","overlay-color":"","overlay-opacity":"","overlay-gradient":""},"tablet":{"background-color":"var(--ast-global-color-5)","background-image":"","background-repeat":"repeat","background-position":"center center","background-size":"auto","background-attachment":"scroll","background-type":"","background-media":"","overlay-type":"","overlay-color":"","overlay-opacity":"","overlay-gradient":""},"mobile":{"background-color":"var(--ast-global-color-5)","background-image":"","background-repeat":"repeat","background-position":"center center","background-size":"auto","background-attachment":"scroll","background-type":"","background-media":"","overlay-type":"","overlay-color":"","overlay-opacity":"","overlay-gradient":""}}},"product_brand":[],"product_cat":[30],"product_tag":[],"class_list":{"0":"post-2605","1":"product","2":"type-product","3":"status-publish","4":"has-post-thumbnail","6":"product_cat-livre","7":"desktop-align-left","8":"tablet-align-left","9":"mobile-align-left","11":"first","12":"instock","13":"shipping-taxable","14":"purchasable","15":"product-type-simple"},"uagb_featured_image_src":{"full":["https:\/\/wildlife-interactions.com\/wp-content\/uploads\/2023\/03\/Arktic_Coffret-1-scaled.jpg",2560,1652,false],"thumbnail":["https:\/\/wildlife-interactions.com\/wp-content\/uploads\/2023\/03\/Arktic_Coffret-1-150x150.jpg",150,150,true],"medium":["https:\/\/wildlife-interactions.com\/wp-content\/uploads\/2023\/03\/Arktic_Coffret-1-300x194.jpg",300,194,true],"medium_large":["https:\/\/wildlife-interactions.com\/wp-content\/uploads\/2023\/03\/Arktic_Coffret-1-768x495.jpg",768,495,true],"large":["https:\/\/wildlife-interactions.com\/wp-content\/uploads\/2023\/03\/Arktic_Coffret-1-1024x661.jpg",1024,661,true],"1536x1536":["https:\/\/wildlife-interactions.com\/wp-content\/uploads\/2023\/03\/Arktic_Coffret-1-1536x991.jpg",1536,991,true],"2048x2048":["https:\/\/wildlife-interactions.com\/wp-content\/uploads\/2023\/03\/Arktic_Coffret-1-2048x1321.jpg",2048,1321,true],"trp-custom-language-flag":["https:\/\/wildlife-interactions.com\/wp-content\/uploads\/2023\/03\/Arktic_Coffret-1-18x12.jpg",18,12,true],"woocommerce_thumbnail":["https:\/\/wildlife-interactions.com\/wp-content\/uploads\/2023\/03\/Arktic_Coffret-1-300x194.jpg",300,194,true],"woocommerce_single":["https:\/\/wildlife-interactions.com\/wp-content\/uploads\/2023\/03\/Arktic_Coffret-1-600x387.jpg",600,387,true],"woocommerce_gallery_thumbnail":["https:\/\/wildlife-interactions.com\/wp-content\/uploads\/2023\/03\/Arktic_Coffret-1-100x100.jpg",100,100,true]},"uagb_author_info":{"display_name":"Nigina","author_link":"https:\/\/wildlife-interactions.com\/en\/author"},"uagb_comment_info":0,"uagb_excerpt":"Arktic Circle, livre Photo engag\u00e9 pour la d\u00e9fense des p\u00f4les ARICTIC CIRCLE est un beau livre Photo de 176 pages, dos cartonn\u00e9, imprim\u00e9 sur papier satin\u00e9 170 g\/m2 de 1,7 kilos. Son format 30 x 28 cm est con\u00e7u pour permettre une lecture \u00e0 plusieurs niveaux. Propos\u00e9 au prix de 49\u20ac TTC, sur chaque exemplaire&hellip;","_links":{"self":[{"href":"https:\/\/wildlife-interactions.com\/en\/wp-json\/wp\/v2\/product\/2605","targetHints":{"allow":["GET"]}}],"collection":[{"href":"https:\/\/wildlife-interactions.com\/en\/wp-json\/wp\/v2\/product"}],"about":[{"href":"https:\/\/wildlife-interactions.com\/en\/wp-json\/wp\/v2\/types\/product"}],"replies":[{"embeddable":true,"href":"https:\/\/wildlife-interactions.com\/en\/wp-json\/wp\/v2\/comments?post=2605"}],"wp:featuredmedia":[{"embeddable":true,"href":"https:\/\/wildlife-interactions.com\/en\/wp-json\/wp\/v2\/media\/2606"}],"wp:attachment":[{"href":"https:\/\/wildlife-interactions.com\/en\/wp-json\/wp\/v2\/media?parent=2605"}],"wp:term":[{"taxonomy":"product_brand","embeddable":true,"href":"https:\/\/wildlife-interactions.com\/en\/wp-json\/wp\/v2\/product_brand?post=2605"},{"taxonomy":"product_cat","embeddable":true,"href":"https:\/\/wildlife-interactions.com\/en\/wp-json\/wp\/v2\/product_cat?post=2605"},{"taxonomy":"product_tag","embeddable":true,"href":"https:\/\/wildlife-interactions.com\/en\/wp-json\/wp\/v2\/product_tag?post=2605"}],"curies":[{"name":"wp","href":"https:\/\/api.w.org\/{rel}","templated":true}]}}